{"id":761,"date":"2022-10-11T11:22:40","date_gmt":"2022-10-11T11:22:40","guid":{"rendered":"https:\/\/ucpbuap.com\/?page_id=761"},"modified":"2022-10-22T16:10:22","modified_gmt":"2022-10-22T16:10:22","slug":"tezcatlipocamito","status":"publish","type":"page","link":"https:\/\/ucpbuap.com\/?page_id=761","title":{"rendered":"Tezcatlipoca(mito)"},"content":{"rendered":"\n<p><a href=\"https:\/\/ucpbuap.com\/?page_id=740\" title=\"Tezcatlipoca\">&lt;- Regresar<\/a><\/p>\n\n\n\n<p>Si bien, al igual que el recuento de sus nombres, los mitos de Tezcatlipoca son vastos, en esta ocasi\u00f3n se contar\u00e1 el mito correspondiente al final del primer mundo.<\/p>\n\n\n\n<figure class=\"wp-block-image aligncenter size-full\"><img decoding=\"async\" width=\"420\" height=\"420\" src=\"https:\/\/ucpbuap.com\/wp-content\/uploads\/2022\/10\/6153.jpg.webp\" alt=\"\" class=\"wp-image-807\" srcset=\"https:\/\/ucpbuap.com\/wp-content\/uploads\/2022\/10\/6153.jpg.webp 420w, https:\/\/ucpbuap.com\/wp-content\/uploads\/2022\/10\/6153.jpg-300x300.webp 300w, https:\/\/ucpbuap.com\/wp-content\/uploads\/2022\/10\/6153.jpg-150x150.webp 150w, https:\/\/ucpbuap.com\/wp-content\/uploads\/2022\/10\/6153.jpg-100x100.webp 100w\" sizes=\"(max-width: 420px) 100vw, 420px\" \/><figcaption>Tezcatlipoca, Codex Rios<\/figcaption><\/figure>\n\n\n\n<p><\/p>\n\n\n\n<p>El Tezcatlipoca Negro gobierna sobre el primer mundo, el sol de la tierra, poblado por una raza de gigantes. Tan poderosos son estos gigantes que arrancan los \u00e1rboles simplemente con las manos. Blandiendo un bast\u00f3n, Quetzalc\u00f3atl arroja a Tezcatlipoca a las profundidades del mar. Elev\u00e1ndose desde el fondo del oc\u00e9ano, \u00e9ste se convierte en un enorme jaguar, que a\u00fan hoy puede ser visto transformado en la constelaci\u00f3n de la Osa Mayor. A su regreso, la raza de los gigantes es completamente devorada por los fieros jaguares. Quetzalc\u00f3atl rige la creaci\u00f3n siguiente, el sol de viento. Este mundo es destruido por Tezcatlipoca, que vence a Quetzalc\u00f3atl derrib\u00e1ndolo. A consecuencia de ello, Quetzalc\u00f3atl y su pueblo son arrastrados por fuertes vientos lejos de M\u00e9xico.<\/p>\n","protected":false},"excerpt":{"rendered":"<p>&lt;- Regresar Si bien, al igual que el recuento de sus nombres, los mitos de Tezcatlipoca son vastos, en esta ocasi\u00f3n se contar\u00e1 el mito correspondiente al final del primer mundo. El Tezcatlipoca Negro gobierna sobre el primer mundo, el sol de la tierra, poblado por una raza de gigantes. Tan poderosos son estos gigantes [&hellip;]<\/p>\n","protected":false},"author":1,"featured_media":0,"parent":0,"menu_order":0,"comment_status":"closed","ping_status":"closed","template":"","meta":{"om_disable_all_campaigns":false,"_uag_custom_page_level_css":"","_monsterinsights_skip_tracking":false,"_monsterinsights_sitenote_active":false,"_monsterinsights_sitenote_note":"","_monsterinsights_sitenote_category":0,"site-sidebar-layout":"default","site-content-layout":"","ast-site-content-layout":"default","site-content-style":"default","site-sidebar-style":"default","ast-global-header-display":"","ast-banner-title-visibility":"","ast-main-header-display":"","ast-hfb-above-header-display":"","ast-hfb-below-header-display":"","ast-hfb-mobile-header-display":"","site-post-title":"","ast-breadcrumbs-content":"","ast-featured-img":"","footer-sml-layout":"","ast-disable-related-posts":"","theme-transparent-header-meta":"","adv-header-id-meta":"","stick-header-meta":"","header-above-stick-meta":"","header-main-stick-meta":"","header-below-stick-meta":"","astra-migrate-meta-layouts":"default","ast-page-background-enabled":"default","ast-page-background-meta":{"desktop":{"background-color":"","background-image":"","background-repeat":"repeat","background-position":"center center","background-size":"auto","background-attachment":"scroll","background-type":"","background-media":"","overlay-type":"","overlay-color":"","overlay-opacity":"","overlay-gradient":""},"tablet":{"background-color":"","background-image":"","background-repeat":"repeat","background-position":"center center","background-size":"auto","background-attachment":"scroll","background-type":"","background-media":"","overlay-type":"","overlay-color":"","overlay-opacity":"","overlay-gradient":""},"mobile":{"background-color":"","background-image":"","background-repeat":"repeat","background-position":"center center","background-size":"auto","background-attachment":"scroll","background-type":"","background-media":"","overlay-type":"","overlay-color":"","overlay-opacity":"","overlay-gradient":""}},"ast-content-background-meta":{"desktop":{"background-color":"var(--ast-global-color-5)","background-image":"","background-repeat":"repeat","background-position":"center center","background-size":"auto","background-attachment":"scroll","background-type":"","background-media":"","overlay-type":"","overlay-color":"","overlay-opacity":"","overlay-gradient":""},"tablet":{"background-color":"var(--ast-global-color-5)","background-image":"","background-repeat":"repeat","background-position":"center center","background-size":"auto","background-attachment":"scroll","background-type":"","background-media":"","overlay-type":"","overlay-color":"","overlay-opacity":"","overlay-gradient":""},"mobile":{"background-color":"var(--ast-global-color-5)","background-image":"","background-repeat":"repeat","background-position":"center center","background-size":"auto","background-attachment":"scroll","background-type":"","background-media":"","overlay-type":"","overlay-color":"","overlay-opacity":"","overlay-gradient":""}},"footnotes":""},"class_list":["post-761","page","type-page","status-publish","hentry"],"aioseo_notices":[],"uagb_featured_image_src":{"full":false,"thumbnail":false,"medium":false,"medium_large":false,"large":false,"1536x1536":false,"2048x2048":false,"woocommerce_thumbnail":false,"woocommerce_single":false,"woocommerce_gallery_thumbnail":false},"uagb_author_info":{"display_name":"ucpbuap@gmail.com","author_link":"https:\/\/ucpbuap.com\/?author=1"},"uagb_comment_info":0,"uagb_excerpt":"&lt;- Regresar Si bien, al igual que el recuento de sus nombres, los mitos de Tezcatlipoca son vastos, en esta ocasi\u00f3n se contar\u00e1 el mito correspondiente al final del primer mundo. El Tezcatlipoca Negro gobierna sobre el primer mundo, el sol de la tierra, poblado por una raza de gigantes. Tan poderosos son estos gigantes&hellip;","jetpack_sharing_enabled":true,"_links":{"self":[{"href":"https:\/\/ucpbuap.com\/index.php?rest_route=\/wp\/v2\/pages\/761","targetHints":{"allow":["GET"]}}],"collection":[{"href":"https:\/\/ucpbuap.com\/index.php?rest_route=\/wp\/v2\/pages"}],"about":[{"href":"https:\/\/ucpbuap.com\/index.php?rest_route=\/wp\/v2\/types\/page"}],"author":[{"embeddable":true,"href":"https:\/\/ucpbuap.com\/index.php?rest_route=\/wp\/v2\/users\/1"}],"replies":[{"embeddable":true,"href":"https:\/\/ucpbuap.com\/index.php?rest_route=%2Fwp%2Fv2%2Fcomments&post=761"}],"version-history":[{"count":9,"href":"https:\/\/ucpbuap.com\/index.php?rest_route=\/wp\/v2\/pages\/761\/revisions"}],"predecessor-version":[{"id":1013,"href":"https:\/\/ucpbuap.com\/index.php?rest_route=\/wp\/v2\/pages\/761\/revisions\/1013"}],"wp:attachment":[{"href":"https:\/\/ucpbuap.com\/index.php?rest_route=%2Fwp%2Fv2%2Fmedia&parent=761"}],"curies":[{"name":"wp","href":"https:\/\/api.w.org\/{rel}","templated":true}]}}