{"id":638,"date":"2022-09-17T17:10:21","date_gmt":"2022-09-17T17:10:21","guid":{"rendered":"https:\/\/ucpbuap.com\/?page_id=638"},"modified":"2026-03-30T04:14:20","modified_gmt":"2026-03-30T04:14:20","slug":"blog","status":"publish","type":"page","link":"https:\/\/ucpbuap.com\/?page_id=638","title":{"rendered":"Blogs"},"content":{"rendered":"<ul class=\"wp-block-latest-posts__list wp-block-latest-posts\"><li><a class=\"wp-block-latest-posts__post-title\" href=\"https:\/\/ucpbuap.com\/?p=1119\">UCP 2: Expandiendo el legado ambiental en CU2<\/a><div class=\"wp-block-latest-posts__post-excerpt\">Acercando el reciclaje electr\u00f3nico a una nueva comunidad universitaria Con el objetivo de ampliar su alcance y facilitar la correcta disposici\u00f3n de residuos electr\u00f3nicos, UCP ha inaugurado su segunda sede operativa: UCP 2, ubicada en Ciudad Universitaria 2 (CU2) de la BUAP. Este nuevo espacio representa un paso importante para acercar los servicios de acopio&#8230; <a class=\"wp-block-latest-posts__read-more\" href=\"https:\/\/ucpbuap.com\/?p=1119\" rel=\"noopener noreferrer\">Lee m\u00e1s<span class=\"screen-reader-text\">: UCP 2: Expandiendo el legado ambiental en CU2<\/span><\/a><\/div><\/li>\n<li><a class=\"wp-block-latest-posts__post-title\" href=\"https:\/\/ucpbuap.com\/?p=1109\">UCP 2: Creciendo con impacto ambiental en CU2<\/a><div class=\"wp-block-latest-posts__post-excerpt\">Un paso importante despu\u00e9s de casi 15 a\u00f1os de trabajo ambiental Desde hace casi 15 a\u00f1os, UCP ha sido un referente dentro de Ciudad Universitaria (CU) de la Benem\u00e9rita Universidad Aut\u00f3noma de Puebla (BUAP) en la promoci\u00f3n del manejo responsable de residuos electr\u00f3nicos. A lo largo de este tiempo, la organizaci\u00f3n ha trabajado de manera&#8230; <a class=\"wp-block-latest-posts__read-more\" href=\"https:\/\/ucpbuap.com\/?p=1109\" rel=\"noopener noreferrer\">Lee m\u00e1s<span class=\"screen-reader-text\">: UCP 2: Creciendo con impacto ambiental en CU2<\/span><\/a><\/div><\/li>\n<li><a class=\"wp-block-latest-posts__post-title\" href=\"https:\/\/ucpbuap.com\/?p=1061\">Proyecto Manejo de Recursos Naturales<\/a><div class=\"wp-block-latest-posts__post-excerpt\">Minerales\/ Emplean material volc\u00e1nico para cemento sustentable Los romanos fueron los primeros en descubrir los beneficios de la ceniza volc\u00e1nica para la construcci\u00f3n. El Pante\u00f3n fue una de las tantas construcciones super resistentes hechas con la mezcla de cal viva, agua de mar y cenizas. Con una mezcla de cenizas, \u00f3xido de calcio (conocido como&#8230; <a class=\"wp-block-latest-posts__read-more\" href=\"https:\/\/ucpbuap.com\/?p=1061\" rel=\"noopener noreferrer\">Lee m\u00e1s<span class=\"screen-reader-text\">: Proyecto Manejo de Recursos Naturales<\/span><\/a><\/div><\/li>\n<li><a class=\"wp-block-latest-posts__post-title\" href=\"https:\/\/ucpbuap.com\/?p=1050\">La tecnolog\u00eda en el deporte de alto rendimiento<\/a><div class=\"wp-block-latest-posts__post-excerpt\">La tecnolog\u00eda se encuentra en todos lados en los que el ser humano se desarrolla, siendo muchos sectores los que acaparan los reflectores en innovaciones, como la medicina, la industria, la construcci\u00f3n, etc. Sin embargo una actividad tan cotidiana como lo es la pr\u00e1ctica de alg\u00fan deporte en especial de alto rendimiento o de nivel&#8230; <a class=\"wp-block-latest-posts__read-more\" href=\"https:\/\/ucpbuap.com\/?p=1050\" rel=\"noopener noreferrer\">Lee m\u00e1s<span class=\"screen-reader-text\">: La tecnolog\u00eda en el deporte de alto rendimiento<\/span><\/a><\/div><\/li>\n<li><a class=\"wp-block-latest-posts__post-title\" href=\"https:\/\/ucpbuap.com\/?p=705\">Las mujeres en la ciencia<\/a><div class=\"wp-block-latest-posts__post-excerpt\">El ser humano siempre ha tenido la curiosidad de explorar, descubrir y darle un sentido a todos los misterios que nos rodean. La ciencia ha sido un camino por el que hemos podido descubrir muchos de esos enigmas. Sin embargo, durante siglos la revisi\u00f3n hist\u00f3rica en la mayor\u00eda de \u00e1mbitos la mujer ha tenido poca&#8230; <a class=\"wp-block-latest-posts__read-more\" href=\"https:\/\/ucpbuap.com\/?p=705\" rel=\"noopener noreferrer\">Lee m\u00e1s<span class=\"screen-reader-text\">: Las mujeres en la ciencia<\/span><\/a><\/div><\/li>\n<\/ul>","protected":false},"excerpt":{"rendered":"","protected":false},"author":1,"featured_media":0,"parent":0,"menu_order":0,"comment_status":"closed","ping_status":"closed","template":"","meta":{"om_disable_all_campaigns":false,"_uag_custom_page_level_css":"","_monsterinsights_skip_tracking":false,"_monsterinsights_sitenote_active":false,"_monsterinsights_sitenote_note":"","_monsterinsights_sitenote_category":0,"site-sidebar-layout":"default","site-content-layout":"","ast-site-content-layout":"default","site-content-style":"default","site-sidebar-style":"default","ast-global-header-display":"","ast-banner-title-visibility":"","ast-main-header-display":"","ast-hfb-above-header-display":"","ast-hfb-below-header-display":"","ast-hfb-mobile-header-display":"","site-post-title":"","ast-breadcrumbs-content":"","ast-featured-img":"","footer-sml-layout":"","ast-disable-related-posts":"","theme-transparent-header-meta":"","adv-header-id-meta":"","stick-header-meta":"","header-above-stick-meta":"","header-main-stick-meta":"","header-below-stick-meta":"","astra-migrate-meta-layouts":"default","ast-page-background-enabled":"default","ast-page-background-meta":{"desktop":{"background-color":"","background-image":"","background-repeat":"repeat","background-position":"center center","background-size":"auto","background-attachment":"scroll","background-type":"","background-media":"","overlay-type":"","overlay-color":"","overlay-opacity":"","overlay-gradient":""},"tablet":{"background-color":"","background-image":"","background-repeat":"repeat","background-position":"center center","background-size":"auto","background-attachment":"scroll","background-type":"","background-media":"","overlay-type":"","overlay-color":"","overlay-opacity":"","overlay-gradient":""},"mobile":{"background-color":"","background-image":"","background-repeat":"repeat","background-position":"center center","background-size":"auto","background-attachment":"scroll","background-type":"","background-media":"","overlay-type":"","overlay-color":"","overlay-opacity":"","overlay-gradient":""}},"ast-content-background-meta":{"desktop":{"background-color":"var(--ast-global-color-5)","background-image":"","background-repeat":"repeat","background-position":"center center","background-size":"auto","background-attachment":"scroll","background-type":"","background-media":"","overlay-type":"","overlay-color":"","overlay-opacity":"","overlay-gradient":""},"tablet":{"background-color":"var(--ast-global-color-5)","background-image":"","background-repeat":"repeat","background-position":"center center","background-size":"auto","background-attachment":"scroll","background-type":"","background-media":"","overlay-type":"","overlay-color":"","overlay-opacity":"","overlay-gradient":""},"mobile":{"background-color":"var(--ast-global-color-5)","background-image":"","background-repeat":"repeat","background-position":"center center","background-size":"auto","background-attachment":"scroll","background-type":"","background-media":"","overlay-type":"","overlay-color":"","overlay-opacity":"","overlay-gradient":""}},"footnotes":""},"class_list":["post-638","page","type-page","status-publish","hentry"],"aioseo_notices":[],"uagb_featured_image_src":{"full":false,"thumbnail":false,"medium":false,"medium_large":false,"large":false,"1536x1536":false,"2048x2048":false,"woocommerce_thumbnail":false,"woocommerce_single":false,"woocommerce_gallery_thumbnail":false},"uagb_author_info":{"display_name":"ucpbuap@gmail.com","author_link":"https:\/\/ucpbuap.com\/?author=1"},"uagb_comment_info":0,"uagb_excerpt":null,"jetpack_sharing_enabled":true,"_links":{"self":[{"href":"https:\/\/ucpbuap.com\/index.php?rest_route=\/wp\/v2\/pages\/638","targetHints":{"allow":["GET"]}}],"collection":[{"href":"https:\/\/ucpbuap.com\/index.php?rest_route=\/wp\/v2\/pages"}],"about":[{"href":"https:\/\/ucpbuap.com\/index.php?rest_route=\/wp\/v2\/types\/page"}],"author":[{"embeddable":true,"href":"https:\/\/ucpbuap.com\/index.php?rest_route=\/wp\/v2\/users\/1"}],"replies":[{"embeddable":true,"href":"https:\/\/ucpbuap.com\/index.php?rest_route=%2Fwp%2Fv2%2Fcomments&post=638"}],"version-history":[{"count":3,"href":"https:\/\/ucpbuap.com\/index.php?rest_route=\/wp\/v2\/pages\/638\/revisions"}],"predecessor-version":[{"id":1137,"href":"https:\/\/ucpbuap.com\/index.php?rest_route=\/wp\/v2\/pages\/638\/revisions\/1137"}],"wp:attachment":[{"href":"https:\/\/ucpbuap.com\/index.php?rest_route=%2Fwp%2Fv2%2Fmedia&parent=638"}],"curies":[{"name":"wp","href":"https:\/\/api.w.org\/{rel}","templated":true}]}}