{"id":15,"date":"2020-08-20T07:29:55","date_gmt":"2020-08-20T07:29:55","guid":{"rendered":"http:\/\/ucpbuap.com\/?page_id=15"},"modified":"2026-03-09T19:21:08","modified_gmt":"2026-03-09T19:21:08","slug":"home","status":"publish","type":"page","link":"https:\/\/ucpbuap.com\/","title":{"rendered":"Home"},"content":{"rendered":"\n<div class=\"wp-block-uagb-container uagb-block-c767c92c alignfull uagb-is-root-container\"><div class=\"uagb-container-inner-blocks-wrap\">\n<div class=\"wp-block-uagb-info-box uagb-block-1a970e03 uagb-infobox__content-wrap  uagb-infobox-icon-above-title uagb-infobox-image-valign-top\"><div class=\"uagb-ifb-content\"><div class=\"uagb-ifb-title-wrap\"><h1 class=\"uagb-ifb-title\"><br><br><br><\/h1><\/div><div class=\"uagb-ifb-button-wrapper wp-block-button\"><a href=\"https:\/\/ucpbuap.com\/?page_id=119\" class=\"uagb-infobox-cta-link wp-block-button__link\" target=\"_self\" rel=\"noopener noreferrer\" onclick=\"return true;\"><span class=\"uagb-inline-editing\">Conocer mas<\/span><\/a><\/div><\/div><\/div>\n\n\n\n<p>           <strong> <mark style=\"background-color:rgba(0, 0, 0, 0)\" class=\"has-inline-color has-ast-global-color-5-color\">UNIVERSITARIOS POR EL CUIDADO DEL PLANETA<\/mark><\/strong><\/p>\n<\/div><\/div>\n\n\n\n<div class=\"wp-block-uagb-container uagb-block-9aa7718e alignfull uagb-is-root-container\"><div class=\"uagb-container-inner-blocks-wrap\">\n<div class=\"wp-block-uagb-container uagb-block-59aac74c\">\n<div class=\"wp-block-uagb-container uagb-block-41b86829\">\n<div class=\"wp-block-uagb-info-box uagb-block-d9c00ee7 uagb-infobox__content-wrap  uagb-infobox-icon-left uagb-infobox-left uagb-infobox-stacked-mobile uagb-infobox-image-valign-top\"><div class=\"uagb-ifb-icon-wrap\"><svg xmlns=\"https:\/\/www.w3.org\/2000\/svg\" viewBox=\"0 0 576 512\"><path d=\"M568.3 192c-29 .125-135 6.124-213.9 82.1C321.2 304.7 301 338.3 288 369.9c-13-31.63-33.25-65.25-66.38-94.87C142.8 198.2 36.75 192.2 7.75 192C3.375 192 0 195.4 0 199.9c.25 27.88 7.125 126.2 88.75 199.3C172.8 481 256 479.1 288 479.1s115.2 1.025 199.3-80.85C568.9 326 575.8 227.7 576 199.9C576 195.4 572.6 192 568.3 192zM288 302.6c12.75-18.87 27.62-35.75 44.13-50.5c19-18.62 39.5-33.37 60.25-45.25c-16.5-70.5-51.75-133-96.75-172.3c-4.125-3.5-11-3.5-15.12 0c-45 39.25-80.25 101.6-96.75 172.1c20.37 11.75 40.5 26.12 59.25 44.37C260 266.4 275.1 283.7 288 302.6z\"><\/path><\/svg><\/div><div class=\"uagb-ifb-content\"><div class=\"uagb-ifb-title-wrap\"><h5 class=\"uagb-ifb-title\"> Cuidado del planeta<\/h5><\/div><p class=\"uagb-ifb-desc\"> <\/p><\/div><\/div>\n<\/div>\n\n\n\n<div class=\"wp-block-uagb-container uagb-block-ab3bfc88\">\n<div class=\"wp-block-uagb-info-box uagb-block-5de442ed uagb-infobox__content-wrap  uagb-infobox-icon-left uagb-infobox-left uagb-infobox-stacked-mobile uagb-infobox-image-valign-top\"><div class=\"uagb-ifb-icon-wrap\"><svg xmlns=\"https:\/\/www.w3.org\/2000\/svg\" viewBox=\"0 0 448 512\"><path d=\"M50.73 58.53C58.86 42.27 75.48 32 93.67 32H208V160H0L50.73 58.53zM240 160V32H354.3C372.5 32 389.1 42.27 397.3 58.53L448 160H240zM448 416C448 451.3 419.3 480 384 480H64C28.65 480 0 451.3 0 416V192H448V416z\"><\/path><\/svg><\/div><div class=\"uagb-ifb-content\"><div class=\"uagb-ifb-title-wrap\"><h5 class=\"uagb-ifb-title\"> Concientizaci\u00f3n<\/h5><\/div><\/div><\/div>\n<\/div>\n\n\n\n<div class=\"wp-block-uagb-container uagb-block-f2db5a9e\">\n<div class=\"wp-block-uagb-info-box uagb-block-057c1037 uagb-infobox__content-wrap  uagb-infobox-icon-left uagb-infobox-left uagb-infobox-stacked-mobile uagb-infobox-image-valign-top\"><div class=\"uagb-ifb-icon-wrap\"><svg xmlns=\"https:\/\/www.w3.org\/2000\/svg\" viewBox=\"0 0 512 512\"><path d=\"M496 48V192c0 17.69-14.31 32-32 32H320c-17.69 0-32-14.31-32-32s14.31-32 32-32h63.39c-29.97-39.7-77.25-63.78-127.6-63.78C167.7 96.22 96 167.9 96 256s71.69 159.8 159.8 159.8c34.88 0 68.03-11.03 95.88-31.94c14.22-10.53 34.22-7.75 44.81 6.375c10.59 14.16 7.75 34.22-6.375 44.81c-39.03 29.28-85.36 44.86-134.2 44.86C132.5 479.9 32 379.4 32 256s100.5-223.9 223.9-223.9c69.15 0 134 32.47 176.1 86.12V48c0-17.69 14.31-32 32-32S496 30.31 496 48z\"><\/path><\/svg><\/div><div class=\"uagb-ifb-content\"><div class=\"uagb-ifb-title-wrap\"><h5 class=\"uagb-ifb-title\"> Reciclaje<\/h5><\/div><\/div><\/div>\n<\/div>\n<\/div>\n\n\n<ul class=\"wp-block-latest-posts__list is-grid columns-3 has-dates wp-block-latest-posts\"><li><div class=\"wp-block-latest-posts__featured-image\"><img decoding=\"async\" width=\"150\" height=\"150\" src=\"https:\/\/ucpbuap.com\/wp-content\/uploads\/2026\/03\/ucp2-150x150.jpeg\" class=\"attachment-thumbnail size-thumbnail wp-post-image\" alt=\"\" style=\"\" srcset=\"https:\/\/ucpbuap.com\/wp-content\/uploads\/2026\/03\/ucp2-150x150.jpeg 150w, https:\/\/ucpbuap.com\/wp-content\/uploads\/2026\/03\/ucp2-300x300.jpeg 300w, https:\/\/ucpbuap.com\/wp-content\/uploads\/2026\/03\/ucp2-100x100.jpeg 100w\" sizes=\"(max-width: 150px) 100vw, 150px\" \/><\/div><a class=\"wp-block-latest-posts__post-title\" href=\"https:\/\/ucpbuap.com\/?p=1119\">UCP 2: Expandiendo el legado ambiental en CU2<\/a><time datetime=\"2026-03-30T02:14:05+00:00\" class=\"wp-block-latest-posts__post-date\">marzo 30, 2026<\/time><div class=\"wp-block-latest-posts__post-excerpt\">Acercando el reciclaje electr\u00f3nico a una nueva comunidad universitaria Con el objetivo de ampliar su alcance y facilitar la correcta disposici\u00f3n de residuos electr\u00f3nicos, UCP ha inaugurado su segunda sede&#8230; <a class=\"wp-block-latest-posts__read-more\" href=\"https:\/\/ucpbuap.com\/?p=1119\" rel=\"noopener noreferrer\">Lee m\u00e1s<span class=\"screen-reader-text\">: UCP 2: Expandiendo el legado ambiental en CU2<\/span><\/a><\/div><\/li>\n<li><div class=\"wp-block-latest-posts__featured-image\"><img decoding=\"async\" width=\"150\" height=\"150\" src=\"https:\/\/ucpbuap.com\/wp-content\/uploads\/2026\/03\/WhatsApp-Image-2026-03-09-at-1.40.32-PM-1-150x150.jpeg\" class=\"attachment-thumbnail size-thumbnail wp-post-image\" alt=\"\" style=\"\" srcset=\"https:\/\/ucpbuap.com\/wp-content\/uploads\/2026\/03\/WhatsApp-Image-2026-03-09-at-1.40.32-PM-1-150x150.jpeg 150w, https:\/\/ucpbuap.com\/wp-content\/uploads\/2026\/03\/WhatsApp-Image-2026-03-09-at-1.40.32-PM-1-300x300.jpeg 300w, https:\/\/ucpbuap.com\/wp-content\/uploads\/2026\/03\/WhatsApp-Image-2026-03-09-at-1.40.32-PM-1-100x100.jpeg 100w\" sizes=\"(max-width: 150px) 100vw, 150px\" \/><\/div><a class=\"wp-block-latest-posts__post-title\" href=\"https:\/\/ucpbuap.com\/?p=1109\">UCP 2: Creciendo con impacto ambiental en CU2<\/a><time datetime=\"2026-03-09T20:05:46+00:00\" class=\"wp-block-latest-posts__post-date\">marzo 9, 2026<\/time><div class=\"wp-block-latest-posts__post-excerpt\">Un paso importante despu\u00e9s de casi 15 a\u00f1os de trabajo ambiental Desde hace casi 15 a\u00f1os, UCP ha sido un referente dentro de Ciudad Universitaria (CU) de la Benem\u00e9rita Universidad&#8230; <a class=\"wp-block-latest-posts__read-more\" href=\"https:\/\/ucpbuap.com\/?p=1109\" rel=\"noopener noreferrer\">Lee m\u00e1s<span class=\"screen-reader-text\">: UCP 2: Creciendo con impacto ambiental en CU2<\/span><\/a><\/div><\/li>\n<li><div class=\"wp-block-latest-posts__featured-image\"><img decoding=\"async\" width=\"150\" height=\"150\" src=\"https:\/\/ucpbuap.com\/wp-content\/uploads\/2023\/05\/paopo-150x150.png\" class=\"attachment-thumbnail size-thumbnail wp-post-image\" alt=\"\" style=\"\" srcset=\"https:\/\/ucpbuap.com\/wp-content\/uploads\/2023\/05\/paopo-150x150.png 150w, https:\/\/ucpbuap.com\/wp-content\/uploads\/2023\/05\/paopo-300x300.png 300w, https:\/\/ucpbuap.com\/wp-content\/uploads\/2023\/05\/paopo-100x100.png 100w\" sizes=\"(max-width: 150px) 100vw, 150px\" \/><\/div><a class=\"wp-block-latest-posts__post-title\" href=\"https:\/\/ucpbuap.com\/?p=1061\">Proyecto Manejo de Recursos Naturales<\/a><time datetime=\"2023-05-25T14:46:38+00:00\" class=\"wp-block-latest-posts__post-date\">mayo 25, 2023<\/time><div class=\"wp-block-latest-posts__post-excerpt\">Minerales\/ Emplean material volc\u00e1nico para cemento sustentable Los romanos fueron los primeros en descubrir los beneficios de la ceniza volc\u00e1nica para la construcci\u00f3n. El Pante\u00f3n fue una de las tantas&#8230; <a class=\"wp-block-latest-posts__read-more\" href=\"https:\/\/ucpbuap.com\/?p=1061\" rel=\"noopener noreferrer\">Lee m\u00e1s<span class=\"screen-reader-text\">: Proyecto Manejo de Recursos Naturales<\/span><\/a><\/div><\/li>\n<\/ul><\/div><\/div>\n\n\n\n<div class=\"wp-block-uagb-container uagb-block-c30aa797 alignfull uagb-is-root-container\"><div class=\"uagb-container-inner-blocks-wrap\">\n<div class=\"wp-block-uagb-container uagb-block-eaf590b4\">\n<div class=\"wp-block-uagb-info-box uagb-block-486652df uagb-infobox__content-wrap  uagb-infobox-icon-above-title uagb-infobox-image-valign-top\"><div class=\"uagb-ifb-content\"><div class=\"uagb-ifb-title-wrap\"><h2 class=\"uagb-ifb-title\">Requieres componentes electr\u00f3nicos reciclados? Adqui\u00e9relos con nosotros!<\/h2><\/div><p class=\"uagb-ifb-desc\">Al adquirirlos con nosotros nos ayudas a continuar con nuestra misi\u00f3n de generar una educaci\u00f3n y conciencia ambiental por medio de la creaci\u00f3n de proyectos socioambientales y el manejo de residuos electr\u00f3nicos.<\/p><div class=\"uagb-ifb-button-wrapper wp-block-button\"><a href=\"#\" class=\"uagb-infobox-cta-link wp-block-button__link\" target=\"_self\" rel=\"noopener noreferrer\" onclick=\"return false;\"><span class=\"uagb-inline-editing\">Ir a la tienda<\/span><\/a><\/div><\/div><\/div>\n<\/div>\n<\/div><\/div>\n","protected":false},"excerpt":{"rendered":"<p>UNIVERSITARIOS POR EL CUIDADO DEL PLANETA<\/p>\n","protected":false},"author":1,"featured_media":0,"parent":0,"menu_order":0,"comment_status":"closed","ping_status":"closed","template":"","meta":{"om_disable_all_campaigns":false,"_uag_custom_page_level_css":"","_monsterinsights_skip_tracking":false,"_monsterinsights_sitenote_active":false,"_monsterinsights_sitenote_note":"","_monsterinsights_sitenote_category":0,"site-sidebar-layout":"default","site-content-layout":"plain-container","ast-site-content-layout":"default","site-content-style":"default","site-sidebar-style":"default","ast-global-header-display":"","ast-banner-title-visibility":"","ast-main-header-display":"","ast-hfb-above-header-display":"","ast-hfb-below-header-display":"","ast-hfb-mobile-header-display":"","site-post-title":"disabled","ast-breadcrumbs-content":"","ast-featured-img":"","footer-sml-layout":"","ast-disable-related-posts":"","theme-transparent-header-meta":"enabled","adv-header-id-meta":"","stick-header-meta":"","header-above-stick-meta":"","header-main-stick-meta":"","header-below-stick-meta":"","astra-migrate-meta-layouts":"default","ast-page-background-enabled":"default","ast-page-background-meta":{"desktop":{"background-color":"","background-image":"","background-repeat":"repeat","background-position":"center center","background-size":"auto","background-attachment":"scroll","background-type":"","background-media":"","overlay-type":"","overlay-color":"","overlay-opacity":"","overlay-gradient":""},"tablet":{"background-color":"","background-image":"","background-repeat":"repeat","background-position":"center center","background-size":"auto","background-attachment":"scroll","background-type":"","background-media":"","overlay-type":"","overlay-color":"","overlay-opacity":"","overlay-gradient":""},"mobile":{"background-color":"","background-image":"","background-repeat":"repeat","background-position":"center center","background-size":"auto","background-attachment":"scroll","background-type":"","background-media":"","overlay-type":"","overlay-color":"","overlay-opacity":"","overlay-gradient":""}},"ast-content-background-meta":{"desktop":{"background-color":"var(--ast-global-color-5)","background-image":"","background-repeat":"repeat","background-position":"center center","background-size":"auto","background-attachment":"scroll","background-type":"","background-media":"","overlay-type":"","overlay-color":"","overlay-opacity":"","overlay-gradient":""},"tablet":{"background-color":"var(--ast-global-color-5)","background-image":"","background-repeat":"repeat","background-position":"center center","background-size":"auto","background-attachment":"scroll","background-type":"","background-media":"","overlay-type":"","overlay-color":"","overlay-opacity":"","overlay-gradient":""},"mobile":{"background-color":"var(--ast-global-color-5)","background-image":"","background-repeat":"repeat","background-position":"center center","background-size":"auto","background-attachment":"scroll","background-type":"","background-media":"","overlay-type":"","overlay-color":"","overlay-opacity":"","overlay-gradient":""}},"footnotes":""},"class_list":["post-15","page","type-page","status-publish","hentry"],"aioseo_notices":[],"uagb_featured_image_src":{"full":false,"thumbnail":false,"medium":false,"medium_large":false,"large":false,"1536x1536":false,"2048x2048":false,"woocommerce_thumbnail":false,"woocommerce_single":false,"woocommerce_gallery_thumbnail":false},"uagb_author_info":{"display_name":"ucpbuap@gmail.com","author_link":"https:\/\/ucpbuap.com\/?author=1"},"uagb_comment_info":0,"uagb_excerpt":"UNIVERSITARIOS POR EL CUIDADO DEL PLANETA","jetpack_sharing_enabled":true,"_links":{"self":[{"href":"https:\/\/ucpbuap.com\/index.php?rest_route=\/wp\/v2\/pages\/15","targetHints":{"allow":["GET"]}}],"collection":[{"href":"https:\/\/ucpbuap.com\/index.php?rest_route=\/wp\/v2\/pages"}],"about":[{"href":"https:\/\/ucpbuap.com\/index.php?rest_route=\/wp\/v2\/types\/page"}],"author":[{"embeddable":true,"href":"https:\/\/ucpbuap.com\/index.php?rest_route=\/wp\/v2\/users\/1"}],"replies":[{"embeddable":true,"href":"https:\/\/ucpbuap.com\/index.php?rest_route=%2Fwp%2Fv2%2Fcomments&post=15"}],"version-history":[{"count":16,"href":"https:\/\/ucpbuap.com\/index.php?rest_route=\/wp\/v2\/pages\/15\/revisions"}],"predecessor-version":[{"id":1107,"href":"https:\/\/ucpbuap.com\/index.php?rest_route=\/wp\/v2\/pages\/15\/revisions\/1107"}],"wp:attachment":[{"href":"https:\/\/ucpbuap.com\/index.php?rest_route=%2Fwp%2Fv2%2Fmedia&parent=15"}],"curies":[{"name":"wp","href":"https:\/\/api.w.org\/{rel}","templated":true}]}}