{"id":119,"date":"2020-08-20T10:02:41","date_gmt":"2020-08-20T10:02:41","guid":{"rendered":"http:\/\/ucpbuap.com\/?page_id=119"},"modified":"2022-09-17T18:34:42","modified_gmt":"2022-09-17T18:34:42","slug":"about-us","status":"publish","type":"page","link":"https:\/\/ucpbuap.com\/?page_id=119","title":{"rendered":"About Us"},"content":{"rendered":"\n<div class=\"wp-block-uagb-container uagb-block-0a913e3c alignfull uagb-is-root-container\"><div class=\"uagb-container-inner-blocks-wrap\">\n<div class=\"wp-block-uagb-advanced-heading uagb-block-c0caaf68\"><h1 class=\"uagb-heading-text\">\u00bfQui\u00e9nes somos?<\/h1><\/div>\n<\/div><\/div>\n\n\n\n<div class=\"wp-block-uagb-container uagb-block-020dac7e alignfull uagb-is-root-container\"><div class=\"uagb-container-inner-blocks-wrap\">\n<div class=\"wp-block-uagb-container uagb-block-21df1239\">\n<div class=\"wp-block-uagb-advanced-heading uagb-block-40368f29\"><h3 class=\"uagb-heading-text\">UNIVERSITARIOS POR EL CUIDADO DEL PLANETA<br><strong>UCP<\/strong><\/h3><\/div>\n<\/div>\n\n\n\n<div class=\"wp-block-uagb-container uagb-block-020b4161\">\n<p>Reciclaje es lo que sabemos hacer en Universitarios por el Cuidado del Planeta. Desde 2000 nuestro personal dedicado ha ofrecido servicios de manejo y aprovechamiento de residuos s\u00f3lidos de manera conveniente y segura para los residentes de Heroica Puebla de Zaragoza. Desde la recolecci\u00f3n de materiales reciclables con alta eficiencia en nuestro centro hasta la programaci\u00f3n de recolecciones a domicilio, tenemos mucho que ofrecer.<\/p>\n<\/div>\n<\/div><\/div>\n\n\n\n<div class=\"wp-block-uagb-container uagb-block-32605467 alignfull uagb-is-root-container\"><div class=\"uagb-container-inner-blocks-wrap\">\n<div class=\"wp-block-media-text alignwide is-stacked-on-mobile\" style=\"grid-template-columns:49% auto\"><figure class=\"wp-block-media-text__media\"><img decoding=\"async\" width=\"950\" height=\"825\" src=\"https:\/\/ucpbuap.com\/wp-content\/uploads\/2022\/09\/18a900e5ef544851a17e6548939d97e9.webp\" alt=\"\" class=\"wp-image-657 size-full\" srcset=\"https:\/\/ucpbuap.com\/wp-content\/uploads\/2022\/09\/18a900e5ef544851a17e6548939d97e9.webp 950w, https:\/\/ucpbuap.com\/wp-content\/uploads\/2022\/09\/18a900e5ef544851a17e6548939d97e9-300x261.webp 300w, https:\/\/ucpbuap.com\/wp-content\/uploads\/2022\/09\/18a900e5ef544851a17e6548939d97e9-768x667.webp 768w, https:\/\/ucpbuap.com\/wp-content\/uploads\/2022\/09\/18a900e5ef544851a17e6548939d97e9-600x521.webp 600w\" sizes=\"(max-width: 950px) 100vw, 950px\" \/><\/figure><div class=\"wp-block-media-text__content\">\n<h2 class=\"wp-block-heading\">MISI\u00d3N<\/h2>\n\n\n\n<p>Somos un grupo de estudiantes de la Benem\u00e9rita Universidad Aut\u00f3noma de Puebla que buscamos generar una educaci\u00f3n y conciencia ambiental por medio de la creaci\u00f3n de proyectos socioambientales y el manejo de residuos electr\u00f3nicos, con el fin de crear un impacto en la sociedad, marcar la diferencia y, en el camino, apoyar con el acceso a componentes electr\u00f3nicos a la sociedad.<\/p>\n<\/div><\/div>\n\n\n\n<div class=\"wp-block-media-text alignwide has-media-on-the-right is-stacked-on-mobile\"><figure class=\"wp-block-media-text__media\"><img decoding=\"async\" width=\"950\" height=\"700\" src=\"https:\/\/ucpbuap.com\/wp-content\/uploads\/2022\/09\/8c248aebfd9b47968b491fe47268bd6c.webp\" alt=\"\" class=\"wp-image-658 size-full\" srcset=\"https:\/\/ucpbuap.com\/wp-content\/uploads\/2022\/09\/8c248aebfd9b47968b491fe47268bd6c.webp 950w, https:\/\/ucpbuap.com\/wp-content\/uploads\/2022\/09\/8c248aebfd9b47968b491fe47268bd6c-300x221.webp 300w, https:\/\/ucpbuap.com\/wp-content\/uploads\/2022\/09\/8c248aebfd9b47968b491fe47268bd6c-768x566.webp 768w, https:\/\/ucpbuap.com\/wp-content\/uploads\/2022\/09\/8c248aebfd9b47968b491fe47268bd6c-600x442.webp 600w\" sizes=\"(max-width: 950px) 100vw, 950px\" \/><\/figure><div class=\"wp-block-media-text__content\">\n<h2 class=\"wp-block-heading\">VISI\u00d3N<\/h2>\n\n\n\n<p>Buscamos que UCP sea una empresa medioambiental reconocida por la Universidad y la sociedad, encarg\u00e1ndonos de manejar desechos electr\u00f3nicos, ayudar a los alumnos y ofrecer servicios al cuidado del medio ambiente a la comunidad.<br><br>UCP tambi\u00e9n est\u00e1 pensada para las empresas, donde se obtiene el mayor n\u00famero de desechos electr\u00f3nicos y a las personas con visi\u00f3n medioambiental.<\/p>\n<\/div><\/div>\n\n\n\n<div class=\"wp-block-media-text alignwide is-stacked-on-mobile\"><figure class=\"wp-block-media-text__media\"><img decoding=\"async\" width=\"926\" height=\"1024\" src=\"https:\/\/ucpbuap.com\/wp-content\/uploads\/2022\/09\/d69a42f3d72e4806a3c7aeb3c5095aa9-926x1024.webp\" alt=\"\" class=\"wp-image-663 size-full\" srcset=\"https:\/\/ucpbuap.com\/wp-content\/uploads\/2022\/09\/d69a42f3d72e4806a3c7aeb3c5095aa9-926x1024.webp 926w, https:\/\/ucpbuap.com\/wp-content\/uploads\/2022\/09\/d69a42f3d72e4806a3c7aeb3c5095aa9-271x300.webp 271w, https:\/\/ucpbuap.com\/wp-content\/uploads\/2022\/09\/d69a42f3d72e4806a3c7aeb3c5095aa9-768x849.webp 768w, https:\/\/ucpbuap.com\/wp-content\/uploads\/2022\/09\/d69a42f3d72e4806a3c7aeb3c5095aa9-600x663.webp 600w, https:\/\/ucpbuap.com\/wp-content\/uploads\/2022\/09\/d69a42f3d72e4806a3c7aeb3c5095aa9.webp 950w\" sizes=\"(max-width: 926px) 100vw, 926px\" \/><\/figure><div class=\"wp-block-media-text__content\">\n<h2 class=\"wp-block-heading\">VALORES<\/h2>\n\n\n\n<p>En UCP hemos llegado a ser un gran equipo gracias al trabajo de cada uno de nuestros integrantes, donde cada uno muestra:<\/p>\n\n\n\n<p>\u200b<strong>Compa\u00f1erismo:<\/strong>\u00a0La actitud de actuar con bondad, solidaridad, respeto y confianza genera empat\u00eda y unidad entre los integrantes de un grupo o comunidad, apoy\u00e1ndose, as\u00ed, para lograr alg\u00fan fin.<\/p>\n\n\n\n<p>\u200b<strong>Constancia:<\/strong>\u00a0Actuar con firmeza y perseverancia ante las metas planeadas. Trabajando permanentemente hasta conseguirlas.<\/p>\n\n\n\n<p>\u200b<strong>Cordialidad:<\/strong>\u00a0Mostrar afecto, amabilidad y respeto hacia los dem\u00e1s, propicia un ambiente positivo, sano y arm\u00f3nico.<\/p>\n\n\n\n<p><strong>Honestidad:<\/strong>&nbsp;El hablar y actuar con la verdad, rectitud, integridad y justicia crea un ambiente de confianza y facilita la convivencia entre los individuos.<\/p>\n\n\n\n<p><strong>Servicio:<\/strong>&nbsp;Dar a los dem\u00e1s lo mejor de s\u00ed mismo ennoblece al ser humano, as\u00ed el individuo trasciende y se engrandece.<\/p>\n<\/div><\/div>\n<\/div><\/div>\n","protected":false},"excerpt":{"rendered":"<p>\u00bfQui\u00e9nes somos? UNIVERSITARIOS POR EL CUIDADO DEL PLANETAUCP Reciclaje es lo que sabemos hacer en Universitarios por el Cuidado del Planeta. Desde 2000 nuestro personal dedicado ha ofrecido servicios de manejo y aprovechamiento de residuos s\u00f3lidos de manera conveniente y segura para los residentes de Heroica Puebla de Zaragoza. Desde la recolecci\u00f3n de materiales reciclables [&hellip;]<\/p>\n","protected":false},"author":1,"featured_media":0,"parent":0,"menu_order":0,"comment_status":"closed","ping_status":"closed","template":"","meta":{"om_disable_all_campaigns":false,"_uag_custom_page_level_css":"","_monsterinsights_skip_tracking":false,"_monsterinsights_sitenote_active":false,"_monsterinsights_sitenote_note":"","_monsterinsights_sitenote_category":0,"site-sidebar-layout":"default","site-content-layout":"plain-container","ast-site-content-layout":"default","site-content-style":"default","site-sidebar-style":"default","ast-global-header-display":"","ast-banner-title-visibility":"","ast-main-header-display":"","ast-hfb-above-header-display":"","ast-hfb-below-header-display":"","ast-hfb-mobile-header-display":"","site-post-title":"disabled","ast-breadcrumbs-content":"","ast-featured-img":"disabled","footer-sml-layout":"","ast-disable-related-posts":"","theme-transparent-header-meta":"enabled","adv-header-id-meta":"","stick-header-meta":"","header-above-stick-meta":"","header-main-stick-meta":"","header-below-stick-meta":"","astra-migrate-meta-layouts":"default","ast-page-background-enabled":"default","ast-page-background-meta":{"desktop":{"background-color":"","background-image":"","background-repeat":"repeat","background-position":"center center","background-size":"auto","background-attachment":"scroll","background-type":"","background-media":"","overlay-type":"","overlay-color":"","overlay-opacity":"","overlay-gradient":""},"tablet":{"background-color":"","background-image":"","background-repeat":"repeat","background-position":"center center","background-size":"auto","background-attachment":"scroll","background-type":"","background-media":"","overlay-type":"","overlay-color":"","overlay-opacity":"","overlay-gradient":""},"mobile":{"background-color":"","background-image":"","background-repeat":"repeat","background-position":"center center","background-size":"auto","background-attachment":"scroll","background-type":"","background-media":"","overlay-type":"","overlay-color":"","overlay-opacity":"","overlay-gradient":""}},"ast-content-background-meta":{"desktop":{"background-color":"var(--ast-global-color-5)","background-image":"","background-repeat":"repeat","background-position":"center center","background-size":"auto","background-attachment":"scroll","background-type":"","background-media":"","overlay-type":"","overlay-color":"","overlay-opacity":"","overlay-gradient":""},"tablet":{"background-color":"var(--ast-global-color-5)","background-image":"","background-repeat":"repeat","background-position":"center center","background-size":"auto","background-attachment":"scroll","background-type":"","background-media":"","overlay-type":"","overlay-color":"","overlay-opacity":"","overlay-gradient":""},"mobile":{"background-color":"var(--ast-global-color-5)","background-image":"","background-repeat":"repeat","background-position":"center center","background-size":"auto","background-attachment":"scroll","background-type":"","background-media":"","overlay-type":"","overlay-color":"","overlay-opacity":"","overlay-gradient":""}},"footnotes":""},"class_list":["post-119","page","type-page","status-publish","hentry"],"aioseo_notices":[],"uagb_featured_image_src":{"full":false,"thumbnail":false,"medium":false,"medium_large":false,"large":false,"1536x1536":false,"2048x2048":false,"woocommerce_thumbnail":false,"woocommerce_single":false,"woocommerce_gallery_thumbnail":false},"uagb_author_info":{"display_name":"ucpbuap@gmail.com","author_link":"https:\/\/ucpbuap.com\/?author=1"},"uagb_comment_info":0,"uagb_excerpt":"\u00bfQui\u00e9nes somos? UNIVERSITARIOS POR EL CUIDADO DEL PLANETAUCP Reciclaje es lo que sabemos hacer en Universitarios por el Cuidado del Planeta. Desde 2000 nuestro personal dedicado ha ofrecido servicios de manejo y aprovechamiento de residuos s\u00f3lidos de manera conveniente y segura para los residentes de Heroica Puebla de Zaragoza. Desde la recolecci\u00f3n de materiales reciclables&hellip;","jetpack_sharing_enabled":true,"_links":{"self":[{"href":"https:\/\/ucpbuap.com\/index.php?rest_route=\/wp\/v2\/pages\/119","targetHints":{"allow":["GET"]}}],"collection":[{"href":"https:\/\/ucpbuap.com\/index.php?rest_route=\/wp\/v2\/pages"}],"about":[{"href":"https:\/\/ucpbuap.com\/index.php?rest_route=\/wp\/v2\/types\/page"}],"author":[{"embeddable":true,"href":"https:\/\/ucpbuap.com\/index.php?rest_route=\/wp\/v2\/users\/1"}],"replies":[{"embeddable":true,"href":"https:\/\/ucpbuap.com\/index.php?rest_route=%2Fwp%2Fv2%2Fcomments&post=119"}],"version-history":[{"count":8,"href":"https:\/\/ucpbuap.com\/index.php?rest_route=\/wp\/v2\/pages\/119\/revisions"}],"predecessor-version":[{"id":1104,"href":"https:\/\/ucpbuap.com\/index.php?rest_route=\/wp\/v2\/pages\/119\/revisions\/1104"}],"wp:attachment":[{"href":"https:\/\/ucpbuap.com\/index.php?rest_route=%2Fwp%2Fv2%2Fmedia&parent=119"}],"curies":[{"name":"wp","href":"https:\/\/api.w.org\/{rel}","templated":true}]}}